{"id":1646,"date":"2016-09-19T21:44:25","date_gmt":"2016-09-19T21:44:25","guid":{"rendered":"http:\/\/themenectar.com\/demo\/salient-business\/?page_id=13"},"modified":"2018-11-18T13:59:58","modified_gmt":"2018-11-18T12:59:58","slug":"contact","status":"publish","type":"page","link":"https:\/\/www.yaruna.com\/bien-etre\/contact\/","title":{"rendered":"Contact"},"content":{"rendered":"[vc_row type=\u00a0\u00bbfull_width_content\u00a0\u00bb full_screen_row_position=\u00a0\u00bbfull_height\u00a0\u00bb scene_position=\u00a0\u00bbcenter\u00a0\u00bb text_color=\u00a0\u00bblight\u00a0\u00bb text_align=\u00a0\u00bbleft\u00a0\u00bb overlay_strength=\u00a0\u00bb0.3&Prime;][vc_column column_padding=\u00a0\u00bbpadding-5-percent\u00a0\u00bb column_padding_position=\u00a0\u00bball\u00a0\u00bb background_color=\u00a0\u00bb#f4f4f4&Prime; background_color_opacity=\u00a0\u00bb1&Prime; background_hover_color_opacity=\u00a0\u00bb1&Prime; column_shadow=\u00a0\u00bbnone\u00a0\u00bb width=\u00a0\u00bb1\/2&Prime; tablet_text_alignment=\u00a0\u00bbdefault\u00a0\u00bb phone_text_alignment=\u00a0\u00bbdefault\u00a0\u00bb column_border_width=\u00a0\u00bbnone\u00a0\u00bb column_border_style=\u00a0\u00bbsolid\u00a0\u00bb]<div class=\"img-with-aniamtion-wrap center\" data-max-width=\"100%\"><div class=\"inner\"><img loading=\"lazy\" decoding=\"async\" data-shadow=\"none\" data-shadow-direction=\"middle\" class=\"img-with-animation \" data-delay=\"0\" height=\"350\" width=\"526\" data-animation=\"fade-in\" src=\"https:\/\/www.yaruna.com\/bien-etre\/wp-content\/uploads\/sites\/2\/2018\/07\/sora-sagano-103742-pt-unsplash-e1530982361895.jpg\"  alt=\"\" \/><\/div><\/div>[vc_column_text css=\u00a0\u00bb.vc_custom_1542545989064{margin-top: 10px !important;padding-top: 15px !important;}\u00a0\u00bb]\n<h5 style=\"text-align: right;\"><span style=\"color: #808080;\">\u00a0photo: Sora- Sagano<\/span><\/h5>\n<h2 style=\"text-align: center;\"><span style=\"color: #808080;\"><br \/>\nContact.\u00a0<\/span><\/h2>\n<h4 style=\"text-align: center;\"><span style=\"color: #808080;\">Pour de plus amples renseignements concernant \u00a0les massages ou<\/span><\/h4>\n<h4 style=\"text-align: center;\"><span style=\"color: #808080;\">les dates de la formation dos.<\/span><\/h4>\n<h4 style=\"text-align: center;\"><span style=\"color: #808080;\">\u00c9crivez-<\/span><span style=\"color: #808080;\">moi via le formulaire ci-joint, \u00a0c&rsquo;est avec grand plaisir que je vous r\u00e9pondrai. \u00a0 \u00a0<\/span><\/h4>\n<h4 style=\"text-align: center;\"><span style=\"color: #808080;\">Au plaisir de vous lire.<\/span><\/h4>\n<p>&nbsp;<\/p>\n<h4 style=\"text-align: center;\"><span style=\"color: #808080;\">Carine De Greef &#8211; 34 rue de Laeken &#8211; 1000 Bruxelles &#8211; <\/span><\/h4>\n<h4 style=\"text-align: center;\"><span style=\"color: #808080;\">+32 488 934 191\u00a0<\/span><\/h4>\n<h5><span style=\"color: #808080;\">\u00a0\u00a0<\/span><\/h5>\n<h4 style=\"text-align: center;\"><\/h4>\n[\/vc_column_text][\/vc_column][vc_column column_padding=\u00a0\u00bbpadding-7-percent\u00a0\u00bb column_padding_position=\u00a0\u00bball\u00a0\u00bb background_color=\u00a0\u00bb#ff4f80&Prime; background_color_opacity=\u00a0\u00bb1&Prime; background_hover_color_opacity=\u00a0\u00bb1&Prime; column_shadow=\u00a0\u00bbnone\u00a0\u00bb width=\u00a0\u00bb1\/2&Prime; tablet_text_alignment=\u00a0\u00bbdefault\u00a0\u00bb phone_text_alignment=\u00a0\u00bbdefault\u00a0\u00bb column_border_width=\u00a0\u00bbnone\u00a0\u00bb column_border_style=\u00a0\u00bbsolid\u00a0\u00bb]\n<div class=\"wpcf7 no-js\" id=\"wpcf7-f3168-o1\" lang=\"fr-FR\" dir=\"ltr\">\n<div class=\"screen-reader-response\"><p role=\"status\" aria-live=\"polite\" aria-atomic=\"true\"><\/p> <ul><\/ul><\/div>\n<form action=\"\/bien-etre\/wp-json\/wp\/v2\/pages\/1646#wpcf7-f3168-o1\" method=\"post\" class=\"wpcf7-form init\" aria-label=\"Formulaire de contact\" novalidate=\"novalidate\" data-status=\"init\">\n<div style=\"display: none;\">\n<input type=\"hidden\" name=\"_wpcf7\" value=\"3168\" \/>\n<input type=\"hidden\" name=\"_wpcf7_version\" value=\"5.7.7\" \/>\n<input type=\"hidden\" name=\"_wpcf7_locale\" value=\"fr_FR\" \/>\n<input type=\"hidden\" name=\"_wpcf7_unit_tag\" value=\"wpcf7-f3168-o1\" \/>\n<input type=\"hidden\" name=\"_wpcf7_container_post\" value=\"0\" \/>\n<input type=\"hidden\" name=\"_wpcf7_posted_data_hash\" value=\"\" \/>\n<\/div>\n<p><label> Votre nom*<br \/>\n<span class=\"wpcf7-form-control-wrap\" data-name=\"your-name\"><input size=\"40\" class=\"wpcf7-form-control wpcf7-text wpcf7-validates-as-required\" aria-required=\"true\" aria-invalid=\"false\" value=\"\" type=\"text\" name=\"your-name\" \/><\/span> <\/label>\n<\/p>\n<p><label> Votre email*<br \/>\n<span class=\"wpcf7-form-control-wrap\" data-name=\"your-email\"><input size=\"40\" class=\"wpcf7-form-control wpcf7-text wpcf7-email wpcf7-validates-as-required wpcf7-validates-as-email\" aria-required=\"true\" aria-invalid=\"false\" value=\"\" type=\"email\" name=\"your-email\" \/><\/span> <\/label>\n<\/p>\n<p><label> Objet<br \/>\n<span class=\"wpcf7-form-control-wrap\" data-name=\"your-subject\"><input size=\"40\" class=\"wpcf7-form-control wpcf7-text\" aria-invalid=\"false\" value=\"\" type=\"text\" name=\"your-subject\" \/><\/span> <\/label>\n<\/p>\n<p><label> Votre message<br \/>\n<span class=\"wpcf7-form-control-wrap\" data-name=\"your-message\"><textarea cols=\"40\" rows=\"10\" class=\"wpcf7-form-control wpcf7-textarea\" aria-invalid=\"false\" name=\"your-message\"><\/textarea><\/span> <\/label>\n<\/p>\n<p><input class=\"wpcf7-form-control has-spinner wpcf7-submit\" type=\"submit\" value=\"Envoyer\" \/>\n<\/p><div class=\"wpcf7-response-output\" aria-hidden=\"true\"><\/div>\n<\/form>\n<\/div>\n[\/vc_column][\/vc_row]\n","protected":false},"excerpt":{"rendered":"<p>[vc_row type=\u00a0\u00bbfull_width_content\u00a0\u00bb full_screen_row_position=\u00a0\u00bbfull_height\u00a0\u00bb scene_position=\u00a0\u00bbcenter\u00a0\u00bb text_color=\u00a0\u00bblight\u00a0\u00bb text_align=\u00a0\u00bbleft\u00a0\u00bb overlay_strength=\u00a0\u00bb0.3&Prime;][vc_column column_padding=\u00a0\u00bbpadding-5-percent\u00a0\u00bb column_padding_position=\u00a0\u00bball\u00a0\u00bb background_color=\u00a0\u00bb#f4f4f4&Prime; background_color_opacity=\u00a0\u00bb1&Prime; background_hover_color_opacity=\u00a0\u00bb1&Prime; column_shadow=\u00a0\u00bbnone\u00a0\u00bb width=\u00a0\u00bb1\/2&Prime; tablet_text_alignment=\u00a0\u00bbdefault\u00a0\u00bb phone_text_alignment=\u00a0\u00bbdefault\u00a0\u00bb column_border_width=\u00a0\u00bbnone\u00a0\u00bb column_border_style=\u00a0\u00bbsolid\u00a0\u00bb][vc_column_text css=\u00a0\u00bb.vc_custom_1542545989064{margin-top: 10px !important;padding-top: 15px !important;}\u00a0\u00bb] \u00a0photo: Sora- Sagano Contact.\u00a0 Pour de plus&#8230;<\/p>\n","protected":false},"author":1,"featured_media":0,"parent":0,"menu_order":0,"comment_status":"closed","ping_status":"closed","template":"","meta":{"_exactmetrics_skip_tracking":false,"_exactmetrics_sitenote_active":false,"_exactmetrics_sitenote_note":"","_exactmetrics_sitenote_category":0,"footnotes":""},"yoast_head":"<!-- This site is optimized with the Yoast SEO plugin v23.0 - https:\/\/yoast.com\/wordpress\/plugins\/seo\/ -->\n<title>Bien-\u00eatre chez Yaruna \/nouveau site: yaruna.com\/bien-etre<\/title>\n<meta name=\"description\" content=\"Restons en contact grace au formulaire qui est en ligne. Je reste \u00e0 votre disposition pour des questions \u00e9ventuelles soit par mail, soit par t\u00e9l\u00e9phone.\" \/>\n<meta name=\"robots\" content=\"index, follow, max-snippet:-1, max-image-preview:large, max-video-preview:-1\" \/>\n<link rel=\"canonical\" href=\"https:\/\/www.yaruna.com\/bien-etre\/contact\/\" \/>\n<meta property=\"og:locale\" content=\"fr_FR\" \/>\n<meta property=\"og:type\" content=\"article\" \/>\n<meta property=\"og:title\" content=\"Bien-\u00eatre chez Yaruna \/nouveau site: yaruna.com\/bien-etre\" \/>\n<meta property=\"og:description\" content=\"Restons en contact grace au formulaire qui est en ligne. Je reste \u00e0 votre disposition pour des questions \u00e9ventuelles soit par mail, soit par t\u00e9l\u00e9phone.\" \/>\n<meta property=\"og:url\" content=\"https:\/\/www.yaruna.com\/bien-etre\/contact\/\" \/>\n<meta property=\"og:site_name\" content=\"Bien-\u00eatre chez Yaruna\" \/>\n<meta property=\"article:modified_time\" content=\"2018-11-18T12:59:58+00:00\" \/>\n<meta name=\"twitter:card\" content=\"summary_large_image\" \/>\n<meta name=\"twitter:label1\" content=\"Dur\u00e9e de lecture estim\u00e9e\" \/>\n\t<meta name=\"twitter:data1\" content=\"1 minute\" \/>\n<script type=\"application\/ld+json\" class=\"yoast-schema-graph\">{\"@context\":\"https:\/\/schema.org\",\"@graph\":[{\"@type\":\"WebPage\",\"@id\":\"https:\/\/www.yaruna.com\/bien-etre\/contact\/\",\"url\":\"https:\/\/www.yaruna.com\/bien-etre\/contact\/\",\"name\":\"Bien-\u00eatre chez Yaruna \/nouveau site: yaruna.com\/bien-etre\",\"isPartOf\":{\"@id\":\"https:\/\/www.yaruna.com\/bien-etre\/#website\"},\"datePublished\":\"2016-09-19T21:44:25+00:00\",\"dateModified\":\"2018-11-18T12:59:58+00:00\",\"description\":\"Restons en contact grace au formulaire qui est en ligne. Je reste \u00e0 votre disposition pour des questions \u00e9ventuelles soit par mail, soit par t\u00e9l\u00e9phone.\",\"breadcrumb\":{\"@id\":\"https:\/\/www.yaruna.com\/bien-etre\/contact\/#breadcrumb\"},\"inLanguage\":\"fr-FR\",\"potentialAction\":[{\"@type\":\"ReadAction\",\"target\":[\"https:\/\/www.yaruna.com\/bien-etre\/contact\/\"]}]},{\"@type\":\"BreadcrumbList\",\"@id\":\"https:\/\/www.yaruna.com\/bien-etre\/contact\/#breadcrumb\",\"itemListElement\":[{\"@type\":\"ListItem\",\"position\":1,\"name\":\"Accueil\",\"item\":\"https:\/\/www.yaruna.com\/bien-etre\/\"},{\"@type\":\"ListItem\",\"position\":2,\"name\":\"Contact\"}]},{\"@type\":\"WebSite\",\"@id\":\"https:\/\/www.yaruna.com\/bien-etre\/#website\",\"url\":\"https:\/\/www.yaruna.com\/bien-etre\/\",\"name\":\"Bien-\u00eatre chez Yaruna\",\"description\":\"Bien-\u00eatre chez Yaruna Massage Africain et Cr\u00e2nien \u00e0 Bruxelles\",\"potentialAction\":[{\"@type\":\"SearchAction\",\"target\":{\"@type\":\"EntryPoint\",\"urlTemplate\":\"https:\/\/www.yaruna.com\/bien-etre\/?s={search_term_string}\"},\"query-input\":\"required name=search_term_string\"}],\"inLanguage\":\"fr-FR\"}]}<\/script>\n<!-- \/ Yoast SEO plugin. -->","yoast_head_json":{"title":"Bien-\u00eatre chez Yaruna \/nouveau site: yaruna.com\/bien-etre","description":"Restons en contact grace au formulaire qui est en ligne. Je reste \u00e0 votre disposition pour des questions \u00e9ventuelles soit par mail, soit par t\u00e9l\u00e9phone.","robots":{"index":"index","follow":"follow","max-snippet":"max-snippet:-1","max-image-preview":"max-image-preview:large","max-video-preview":"max-video-preview:-1"},"canonical":"https:\/\/www.yaruna.com\/bien-etre\/contact\/","og_locale":"fr_FR","og_type":"article","og_title":"Bien-\u00eatre chez Yaruna \/nouveau site: yaruna.com\/bien-etre","og_description":"Restons en contact grace au formulaire qui est en ligne. Je reste \u00e0 votre disposition pour des questions \u00e9ventuelles soit par mail, soit par t\u00e9l\u00e9phone.","og_url":"https:\/\/www.yaruna.com\/bien-etre\/contact\/","og_site_name":"Bien-\u00eatre chez Yaruna","article_modified_time":"2018-11-18T12:59:58+00:00","twitter_card":"summary_large_image","twitter_misc":{"Dur\u00e9e de lecture estim\u00e9e":"1 minute"},"schema":{"@context":"https:\/\/schema.org","@graph":[{"@type":"WebPage","@id":"https:\/\/www.yaruna.com\/bien-etre\/contact\/","url":"https:\/\/www.yaruna.com\/bien-etre\/contact\/","name":"Bien-\u00eatre chez Yaruna \/nouveau site: yaruna.com\/bien-etre","isPartOf":{"@id":"https:\/\/www.yaruna.com\/bien-etre\/#website"},"datePublished":"2016-09-19T21:44:25+00:00","dateModified":"2018-11-18T12:59:58+00:00","description":"Restons en contact grace au formulaire qui est en ligne. Je reste \u00e0 votre disposition pour des questions \u00e9ventuelles soit par mail, soit par t\u00e9l\u00e9phone.","breadcrumb":{"@id":"https:\/\/www.yaruna.com\/bien-etre\/contact\/#breadcrumb"},"inLanguage":"fr-FR","potentialAction":[{"@type":"ReadAction","target":["https:\/\/www.yaruna.com\/bien-etre\/contact\/"]}]},{"@type":"BreadcrumbList","@id":"https:\/\/www.yaruna.com\/bien-etre\/contact\/#breadcrumb","itemListElement":[{"@type":"ListItem","position":1,"name":"Accueil","item":"https:\/\/www.yaruna.com\/bien-etre\/"},{"@type":"ListItem","position":2,"name":"Contact"}]},{"@type":"WebSite","@id":"https:\/\/www.yaruna.com\/bien-etre\/#website","url":"https:\/\/www.yaruna.com\/bien-etre\/","name":"Bien-\u00eatre chez Yaruna","description":"Bien-\u00eatre chez Yaruna Massage Africain et Cr\u00e2nien \u00e0 Bruxelles","potentialAction":[{"@type":"SearchAction","target":{"@type":"EntryPoint","urlTemplate":"https:\/\/www.yaruna.com\/bien-etre\/?s={search_term_string}"},"query-input":"required name=search_term_string"}],"inLanguage":"fr-FR"}]}},"_links":{"self":[{"href":"https:\/\/www.yaruna.com\/bien-etre\/wp-json\/wp\/v2\/pages\/1646"}],"collection":[{"href":"https:\/\/www.yaruna.com\/bien-etre\/wp-json\/wp\/v2\/pages"}],"about":[{"href":"https:\/\/www.yaruna.com\/bien-etre\/wp-json\/wp\/v2\/types\/page"}],"author":[{"embeddable":true,"href":"https:\/\/www.yaruna.com\/bien-etre\/wp-json\/wp\/v2\/users\/1"}],"replies":[{"embeddable":true,"href":"https:\/\/www.yaruna.com\/bien-etre\/wp-json\/wp\/v2\/comments?post=1646"}],"version-history":[{"count":35,"href":"https:\/\/www.yaruna.com\/bien-etre\/wp-json\/wp\/v2\/pages\/1646\/revisions"}],"predecessor-version":[{"id":3460,"href":"https:\/\/www.yaruna.com\/bien-etre\/wp-json\/wp\/v2\/pages\/1646\/revisions\/3460"}],"wp:attachment":[{"href":"https:\/\/www.yaruna.com\/bien-etre\/wp-json\/wp\/v2\/media?parent=1646"}],"curies":[{"name":"wp","href":"https:\/\/api.w.org\/{rel}","templated":true}]}}