{"id":2,"date":"2018-06-30T23:27:48","date_gmt":"2018-06-30T21:27:48","guid":{"rendered":"https:\/\/www.yaruna.com\/bien-etre\/?page_id=2"},"modified":"2024-06-15T01:42:09","modified_gmt":"2024-06-14T23:42:09","slug":"tarifs-bien-etre-yaruna","status":"publish","type":"page","link":"https:\/\/www.yaruna.com\/bien-etre\/tarifs-bien-etre-yaruna\/","title":{"rendered":"co\u00fbts"},"content":{"rendered":"[vc_row type=\u00a0\u00bbin_container\u00a0\u00bb full_screen_row_position=\u00a0\u00bbmiddle\u00a0\u00bb scene_position=\u00a0\u00bbcenter\u00a0\u00bb text_color=\u00a0\u00bbdark\u00a0\u00bb text_align=\u00a0\u00bbleft\u00a0\u00bb overlay_strength=\u00a0\u00bb0.3&Prime;][vc_column column_padding=\u00a0\u00bbno-extra-padding\u00a0\u00bb column_padding_position=\u00a0\u00bball\u00a0\u00bb background_color_opacity=\u00a0\u00bb1&Prime; background_hover_color_opacity=\u00a0\u00bb1&Prime; column_shadow=\u00a0\u00bbnone\u00a0\u00bb width=\u00a0\u00bb1\/1&Prime; tablet_text_alignment=\u00a0\u00bbdefault\u00a0\u00bb phone_text_alignment=\u00a0\u00bbdefault\u00a0\u00bb column_border_width=\u00a0\u00bbnone\u00a0\u00bb column_border_style=\u00a0\u00bbsolid\u00a0\u00bb][vc_column_text]\n<p style=\"text-align: center;\"><strong><span class=\"ILfuVd\"><span class=\"hgKElc\">Co\u00fbt<\/span><\/span>s bien-\u00eatre.<\/strong><\/p>\n<p style=\"text-align: center;\">Pour vous faciliter la vie\u00a0et \u00eatre dans une totale transparence vis \u00e0 vis de vous, \u00a0je mets \u00e0 votre disposition les tarifs bien-\u00eatre chez Yaruna.<\/p>\n<p style=\"text-align: center;\"><strong>Je me d\u00e9place chez vous.<br \/>\nDans ce cas, veuillez ajouter les frais de d\u00e9placement mentionn\u00e9s ci-dessus.<\/strong><\/p>\n<p style=\"text-align: center;\">La temp\u00e9rature du corps diminue durant le massage.<br \/>\nPour votre confort, merci de veiller \u00e0 ce que l&rsquo;endroit de massage soit suffisamment chauff\u00e9.<\/p>\n<p style=\"text-align: center;\">Je reste\u00a0bien entendu\u00a0\u00e0 votre disposition pour des questions \u00e9ventuelles.<\/p>\n<p style=\"text-align: center;\">J&rsquo;accepte le paiement par carte bancaire.<\/p>\n[\/vc_column_text][\/vc_column][\/vc_row][vc_row type=\u00a0\u00bbin_container\u00a0\u00bb full_screen_row_position=\u00a0\u00bbmiddle\u00a0\u00bb scene_position=\u00a0\u00bbcenter\u00a0\u00bb text_color=\u00a0\u00bbdark\u00a0\u00bb text_align=\u00a0\u00bbleft\u00a0\u00bb overlay_strength=\u00a0\u00bb0.3&Prime;][vc_column column_padding=\u00a0\u00bbno-extra-padding\u00a0\u00bb column_padding_position=\u00a0\u00bball\u00a0\u00bb background_color_opacity=\u00a0\u00bb1&Prime; background_hover_color_opacity=\u00a0\u00bb1&Prime; column_shadow=\u00a0\u00bbnone\u00a0\u00bb width=\u00a0\u00bb1\/1&Prime; tablet_text_alignment=\u00a0\u00bbdefault\u00a0\u00bb phone_text_alignment=\u00a0\u00bbdefault\u00a0\u00bb column_border_width=\u00a0\u00bbnone\u00a0\u00bb column_border_style=\u00a0\u00bbsolid\u00a0\u00bb][nectar_icon_list color=\u00a0\u00bbdefault\u00a0\u00bb icon_size=\u00a0\u00bbsmall\u00a0\u00bb icon_style=\u00a0\u00bbborder\u00a0\u00bb][nectar_icon_list_item icon_type=\u00a0\u00bbicon\u00a0\u00bb title=\u00a0\u00bbList Item\u00a0\u00bb id=\u00a0\u00bb1530995497-1-59&Prime; tab_id=\u00a0\u00bb1530995644907-3&Prime; header=\u00a0\u00bbMassage Africain\u00a0\u00bb text=\u00a0\u00bbPromenade sur le fleuve &#8211; 90 min = 90\u20ac\u00a0\u00bb] [\/nectar_icon_list_item][nectar_icon_list_item icon_type=\u00a0\u00bbicon\u00a0\u00bb title=\u00a0\u00bbList Item\u00a0\u00bb id=\u00a0\u00bb1530995497-2-51&Prime; tab_id=\u00a0\u00bb1530995645046-7&Prime; header=\u00a0\u00bbMassage Africain\u00a0\u00bb text=\u00a0\u00bbSieste sous les karit\u00e9 &#8211; 60 min = 60\u20ac\u00a0\u00bb] [\/nectar_icon_list_item][nectar_icon_list_item icon_type=\u00a0\u00bbicon\u00a0\u00bb title=\u00a0\u00bbList Item\u00a0\u00bb id=\u00a0\u00bb1530995732876-0-3&Prime; tab_id=\u00a0\u00bb1530995732880-9&Prime; header=\u00a0\u00bbMassage Cr\u00e2nien\u00a0\u00bb text=\u00a0\u00bb30 min = 30\u20ac\u00a0\u00bb][\/nectar_icon_list_item][nectar_icon_list_item icon_type=\u00a0\u00bbicon\u00a0\u00bb title=\u00a0\u00bbList Item\u00a0\u00bb id=\u00a0\u00bb1596898266893-0-5&Prime; tab_id=\u00a0\u00bb1596898266901-6&Prime; text=\u00a0\u00bbS\u00e9ance de 30 min max 30\u20ac \u00a0\u00bb header=\u00a0\u00bbMassage pour b\u00e9b\u00e9\u00a0\u00bb][\/nectar_icon_list_item][nectar_icon_list_item icon_type=\u00a0\u00bbicon\u00a0\u00bb title=\u00a0\u00bbList Item\u00a0\u00bb id=\u00a0\u00bb1530995764723-0-8&Prime; tab_id=\u00a0\u00bb1530995764727-4&Prime; header=\u00a0\u00bbFormation massage du dos\u00a0\u00bb text=\u00a0\u00bb120\u20ac par personne pour les inscriptions en solo et 90\u20ac par personne pour les inscriptions en bin\u00f4me (temps de la formation: 2h30)\u00a0\u00bb][\/nectar_icon_list_item][nectar_icon_list_item icon_type=\u00a0\u00bbicon\u00a0\u00bb title=\u00a0\u00bbList Item\u00a0\u00bb id=\u00a0\u00bb1532338870098-0-9&Prime; tab_id=\u00a0\u00bb1532338870103-8&Prime; header=\u00a0\u00bbJe viens chez vous\u00a0\u00bb text=\u00a0\u00bbFrais de d\u00e9placement sur Bruxelles 15\u20ac.<br \/>\nPour les d\u00e9placements en dehors de Bruxelles je compte 0,3542 euro par kilom\u00e8tre parcouru.<br \/>\nCompter l\u00ab\u00a0aller retour.\u00a0\u00bb][\/nectar_icon_list_item][nectar_icon_list_item icon_type=\u00a0\u00bbicon\u00a0\u00bb title=\u00a0\u00bbList Item\u00a0\u00bb id=\u00a0\u00bb1657202349603-0-9&Prime; tab_id=\u00a0\u00bb1657202349614-5&Prime; header=\u00a0\u00bbScan \u00a0\u00bb text=\u00a0\u00bbS\u00e9ance: 1h en ligne 180 \u20ac ( l&rsquo;enregistrement de votre s\u00e9ance est inclus)<br \/>\nS\u00e9ance: 1h30 en ligne 240 \u20ac ( l&rsquo;enregistrement de votre s\u00e9ance est inclus) \u00ab\u00a0][\/nectar_icon_list_item][\/nectar_icon_list][\/vc_column][\/vc_row][vc_row type=\u00a0\u00bbin_container\u00a0\u00bb full_screen_row_position=\u00a0\u00bbmiddle\u00a0\u00bb scene_position=\u00a0\u00bbcenter\u00a0\u00bb text_color=\u00a0\u00bbdark\u00a0\u00bb text_align=\u00a0\u00bbleft\u00a0\u00bb overlay_strength=\u00a0\u00bb0.3&Prime;][vc_column column_padding=\u00a0\u00bbno-extra-padding\u00a0\u00bb column_padding_position=\u00a0\u00bball\u00a0\u00bb background_color_opacity=\u00a0\u00bb1&Prime; background_hover_color_opacity=\u00a0\u00bb1&Prime; column_shadow=\u00a0\u00bbnone\u00a0\u00bb width=\u00a0\u00bb1\/2&Prime; tablet_text_alignment=\u00a0\u00bbdefault\u00a0\u00bb phone_text_alignment=\u00a0\u00bbdefault\u00a0\u00bb column_border_width=\u00a0\u00bbnone\u00a0\u00bb column_border_style=\u00a0\u00bbsolid\u00a0\u00bb][nectar_cta heading_tag=\u00a0\u00bbh4&Prime; link_type=\u00a0\u00bbregular\u00a0\u00bb alignment=\u00a0\u00bbleft\u00a0\u00bb text=\u00a0\u00bbPrendre rendez-vous \u00a0\u00bb url=\u00a0\u00bbhttps:\/\/www.gorendezvous.com\/fr\/homepage\/90797&Prime;][\/vc_column][vc_column column_padding=\u00a0\u00bbno-extra-padding\u00a0\u00bb column_padding_position=\u00a0\u00bball\u00a0\u00bb background_color_opacity=\u00a0\u00bb1&Prime; background_hover_color_opacity=\u00a0\u00bb1&Prime; column_shadow=\u00a0\u00bbnone\u00a0\u00bb width=\u00a0\u00bb1\/2&Prime; tablet_text_alignment=\u00a0\u00bbdefault\u00a0\u00bb phone_text_alignment=\u00a0\u00bbdefault\u00a0\u00bb column_border_width=\u00a0\u00bbnone\u00a0\u00bb column_border_style=\u00a0\u00bbsolid\u00a0\u00bb][nectar_btn size=\u00a0\u00bbsmall\u00a0\u00bb button_style=\u00a0\u00bbregular\u00a0\u00bb button_color_2=\u00a0\u00bbAccent-Color\u00a0\u00bb color_override=\u00a0\u00bb#ff5686&Prime; icon_family=\u00a0\u00bbnone\u00a0\u00bb el_class=\u00a0\u00bbd\u00e9tente\u00a0\u00bb url=\u00a0\u00bbhttps:\/\/www.gorendezvous.com\/fr\/homepage\/90797&Prime; text=\u00a0\u00bbpoussez la porte de la d\u00e9tente!\u00a0\u00bb css_animation=\u00a0\u00bbzoomIn\u00a0\u00bb][\/vc_column][\/vc_row][vc_row type=\u00a0\u00bbin_container\u00a0\u00bb full_screen_row_position=\u00a0\u00bbmiddle\u00a0\u00bb scene_position=\u00a0\u00bbcenter\u00a0\u00bb text_color=\u00a0\u00bbdark\u00a0\u00bb text_align=\u00a0\u00bbleft\u00a0\u00bb overlay_strength=\u00a0\u00bb0.3&Prime;][vc_column column_padding=\u00a0\u00bbno-extra-padding\u00a0\u00bb column_padding_position=\u00a0\u00bball\u00a0\u00bb background_color_opacity=\u00a0\u00bb1&Prime; background_hover_color_opacity=\u00a0\u00bb1&Prime; column_shadow=\u00a0\u00bbnone\u00a0\u00bb width=\u00a0\u00bb1\/1&Prime; tablet_text_alignment=\u00a0\u00bbdefault\u00a0\u00bb phone_text_alignment=\u00a0\u00bbdefault\u00a0\u00bb column_border_width=\u00a0\u00bbnone\u00a0\u00bb column_border_style=\u00a0\u00bbsolid\u00a0\u00bb][vc_column_text]\n<p style=\"text-align: center;\"><span style=\"color: #ff0095;\"><strong>Le Massage pratiqu\u00e9 n&rsquo;est en aucun cas \u00e0 caract\u00e8re \u00e9rotique :<\/strong><\/span><\/p>\n<p style=\"text-align: center;\"><span style=\"color: #ff0095;\"><strong>face \u00e0 un\u00a0comportement ambigu de votre part, il sera mis fin \u00e0 la s\u00e9ance,<\/strong><\/span><\/p>\n<p style=\"text-align: center;\"><span style=\"color: #ff0095;\"><strong>cependant elle sera d\u00fb dans son int\u00e9gralit\u00e9.<\/strong><\/span><\/p>\n[\/vc_column_text][\/vc_column][\/vc_row]\n","protected":false},"excerpt":{"rendered":"<p>[vc_row type=\u00a0\u00bbin_container\u00a0\u00bb full_screen_row_position=\u00a0\u00bbmiddle\u00a0\u00bb scene_position=\u00a0\u00bbcenter\u00a0\u00bb text_color=\u00a0\u00bbdark\u00a0\u00bb text_align=\u00a0\u00bbleft\u00a0\u00bb overlay_strength=\u00a0\u00bb0.3&Prime;][vc_column column_padding=\u00a0\u00bbno-extra-padding\u00a0\u00bb column_padding_position=\u00a0\u00bball\u00a0\u00bb background_color_opacity=\u00a0\u00bb1&Prime; background_hover_color_opacity=\u00a0\u00bb1&Prime; column_shadow=\u00a0\u00bbnone\u00a0\u00bb width=\u00a0\u00bb1\/1&Prime; tablet_text_alignment=\u00a0\u00bbdefault\u00a0\u00bb phone_text_alignment=\u00a0\u00bbdefault\u00a0\u00bb column_border_width=\u00a0\u00bbnone\u00a0\u00bb column_border_style=\u00a0\u00bbsolid\u00a0\u00bb][vc_column_text] Co\u00fbts bien-\u00eatre. Pour vous faciliter la vie\u00a0et \u00eatre dans une totale transparence vis&#8230;<\/p>\n","protected":false},"author":1,"featured_media":0,"parent":0,"menu_order":0,"comment_status":"closed","ping_status":"open","template":"","meta":{"_exactmetrics_skip_tracking":false,"_exactmetrics_sitenote_active":false,"_exactmetrics_sitenote_note":"","_exactmetrics_sitenote_category":0,"footnotes":""},"yoast_head":"<!-- This site is optimized with the Yoast SEO plugin v23.0 - https:\/\/yoast.com\/wordpress\/plugins\/seo\/ -->\n<title>Tarifs Bien-\u00eatre yarunaco\u00fbts - Bien-\u00eatre chez Yaruna<\/title>\n<meta name=\"description\" content=\"Afin d&#039;\u00eatre dans une totale transparence vis \u00e0 vis de vous et pour vous facilitez la vie, je mets \u00e0 votre disposition les tarifs Bien-\u00eatre yaruna\" \/>\n<meta name=\"robots\" content=\"index, follow, max-snippet:-1, max-image-preview:large, max-video-preview:-1\" \/>\n<link rel=\"canonical\" href=\"https:\/\/www.yaruna.com\/bien-etre\/tarifs-bien-etre-yaruna\/\" \/>\n<meta property=\"og:locale\" content=\"fr_FR\" \/>\n<meta property=\"og:type\" content=\"article\" \/>\n<meta property=\"og:title\" content=\"Tarifs Bien-\u00eatre yarunaco\u00fbts - Bien-\u00eatre chez Yaruna\" \/>\n<meta property=\"og:description\" content=\"Afin d&#039;\u00eatre dans une totale transparence vis \u00e0 vis de vous et pour vous facilitez la vie, je mets \u00e0 votre disposition les tarifs Bien-\u00eatre yaruna\" \/>\n<meta property=\"og:url\" content=\"https:\/\/www.yaruna.com\/bien-etre\/tarifs-bien-etre-yaruna\/\" \/>\n<meta property=\"og:site_name\" content=\"Bien-\u00eatre chez Yaruna\" \/>\n<meta property=\"article:modified_time\" content=\"2024-06-14T23:42:09+00:00\" \/>\n<meta name=\"twitter:card\" content=\"summary_large_image\" \/>\n<meta name=\"twitter:label1\" content=\"Dur\u00e9e de lecture estim\u00e9e\" \/>\n\t<meta name=\"twitter:data1\" content=\"2 minutes\" \/>\n<script type=\"application\/ld+json\" class=\"yoast-schema-graph\">{\"@context\":\"https:\/\/schema.org\",\"@graph\":[{\"@type\":\"WebPage\",\"@id\":\"https:\/\/www.yaruna.com\/bien-etre\/tarifs-bien-etre-yaruna\/\",\"url\":\"https:\/\/www.yaruna.com\/bien-etre\/tarifs-bien-etre-yaruna\/\",\"name\":\"Tarifs Bien-\u00eatre yarunaco\u00fbts - Bien-\u00eatre chez Yaruna\",\"isPartOf\":{\"@id\":\"https:\/\/www.yaruna.com\/bien-etre\/#website\"},\"datePublished\":\"2018-06-30T21:27:48+00:00\",\"dateModified\":\"2024-06-14T23:42:09+00:00\",\"description\":\"Afin d'\u00eatre dans une totale transparence vis \u00e0 vis de vous et pour vous facilitez la vie, je mets \u00e0 votre disposition les tarifs Bien-\u00eatre yaruna\",\"breadcrumb\":{\"@id\":\"https:\/\/www.yaruna.com\/bien-etre\/tarifs-bien-etre-yaruna\/#breadcrumb\"},\"inLanguage\":\"fr-FR\",\"potentialAction\":[{\"@type\":\"ReadAction\",\"target\":[\"https:\/\/www.yaruna.com\/bien-etre\/tarifs-bien-etre-yaruna\/\"]}]},{\"@type\":\"BreadcrumbList\",\"@id\":\"https:\/\/www.yaruna.com\/bien-etre\/tarifs-bien-etre-yaruna\/#breadcrumb\",\"itemListElement\":[{\"@type\":\"ListItem\",\"position\":1,\"name\":\"Accueil\",\"item\":\"https:\/\/www.yaruna.com\/bien-etre\/\"},{\"@type\":\"ListItem\",\"position\":2,\"name\":\"co\u00fbts\"}]},{\"@type\":\"WebSite\",\"@id\":\"https:\/\/www.yaruna.com\/bien-etre\/#website\",\"url\":\"https:\/\/www.yaruna.com\/bien-etre\/\",\"name\":\"Bien-\u00eatre chez Yaruna\",\"description\":\"Bien-\u00eatre chez Yaruna Massage Africain et Cr\u00e2nien \u00e0 Bruxelles\",\"potentialAction\":[{\"@type\":\"SearchAction\",\"target\":{\"@type\":\"EntryPoint\",\"urlTemplate\":\"https:\/\/www.yaruna.com\/bien-etre\/?s={search_term_string}\"},\"query-input\":\"required name=search_term_string\"}],\"inLanguage\":\"fr-FR\"}]}<\/script>\n<!-- \/ Yoast SEO plugin. -->","yoast_head_json":{"title":"Tarifs Bien-\u00eatre yarunaco\u00fbts - Bien-\u00eatre chez Yaruna","description":"Afin d'\u00eatre dans une totale transparence vis \u00e0 vis de vous et pour vous facilitez la vie, je mets \u00e0 votre disposition les tarifs Bien-\u00eatre yaruna","robots":{"index":"index","follow":"follow","max-snippet":"max-snippet:-1","max-image-preview":"max-image-preview:large","max-video-preview":"max-video-preview:-1"},"canonical":"https:\/\/www.yaruna.com\/bien-etre\/tarifs-bien-etre-yaruna\/","og_locale":"fr_FR","og_type":"article","og_title":"Tarifs Bien-\u00eatre yarunaco\u00fbts - Bien-\u00eatre chez Yaruna","og_description":"Afin d'\u00eatre dans une totale transparence vis \u00e0 vis de vous et pour vous facilitez la vie, je mets \u00e0 votre disposition les tarifs Bien-\u00eatre yaruna","og_url":"https:\/\/www.yaruna.com\/bien-etre\/tarifs-bien-etre-yaruna\/","og_site_name":"Bien-\u00eatre chez Yaruna","article_modified_time":"2024-06-14T23:42:09+00:00","twitter_card":"summary_large_image","twitter_misc":{"Dur\u00e9e de lecture estim\u00e9e":"2 minutes"},"schema":{"@context":"https:\/\/schema.org","@graph":[{"@type":"WebPage","@id":"https:\/\/www.yaruna.com\/bien-etre\/tarifs-bien-etre-yaruna\/","url":"https:\/\/www.yaruna.com\/bien-etre\/tarifs-bien-etre-yaruna\/","name":"Tarifs Bien-\u00eatre yarunaco\u00fbts - Bien-\u00eatre chez Yaruna","isPartOf":{"@id":"https:\/\/www.yaruna.com\/bien-etre\/#website"},"datePublished":"2018-06-30T21:27:48+00:00","dateModified":"2024-06-14T23:42:09+00:00","description":"Afin d'\u00eatre dans une totale transparence vis \u00e0 vis de vous et pour vous facilitez la vie, je mets \u00e0 votre disposition les tarifs Bien-\u00eatre yaruna","breadcrumb":{"@id":"https:\/\/www.yaruna.com\/bien-etre\/tarifs-bien-etre-yaruna\/#breadcrumb"},"inLanguage":"fr-FR","potentialAction":[{"@type":"ReadAction","target":["https:\/\/www.yaruna.com\/bien-etre\/tarifs-bien-etre-yaruna\/"]}]},{"@type":"BreadcrumbList","@id":"https:\/\/www.yaruna.com\/bien-etre\/tarifs-bien-etre-yaruna\/#breadcrumb","itemListElement":[{"@type":"ListItem","position":1,"name":"Accueil","item":"https:\/\/www.yaruna.com\/bien-etre\/"},{"@type":"ListItem","position":2,"name":"co\u00fbts"}]},{"@type":"WebSite","@id":"https:\/\/www.yaruna.com\/bien-etre\/#website","url":"https:\/\/www.yaruna.com\/bien-etre\/","name":"Bien-\u00eatre chez Yaruna","description":"Bien-\u00eatre chez Yaruna Massage Africain et Cr\u00e2nien \u00e0 Bruxelles","potentialAction":[{"@type":"SearchAction","target":{"@type":"EntryPoint","urlTemplate":"https:\/\/www.yaruna.com\/bien-etre\/?s={search_term_string}"},"query-input":"required name=search_term_string"}],"inLanguage":"fr-FR"}]}},"_links":{"self":[{"href":"https:\/\/www.yaruna.com\/bien-etre\/wp-json\/wp\/v2\/pages\/2"}],"collection":[{"href":"https:\/\/www.yaruna.com\/bien-etre\/wp-json\/wp\/v2\/pages"}],"about":[{"href":"https:\/\/www.yaruna.com\/bien-etre\/wp-json\/wp\/v2\/types\/page"}],"author":[{"embeddable":true,"href":"https:\/\/www.yaruna.com\/bien-etre\/wp-json\/wp\/v2\/users\/1"}],"replies":[{"embeddable":true,"href":"https:\/\/www.yaruna.com\/bien-etre\/wp-json\/wp\/v2\/comments?post=2"}],"version-history":[{"count":65,"href":"https:\/\/www.yaruna.com\/bien-etre\/wp-json\/wp\/v2\/pages\/2\/revisions"}],"predecessor-version":[{"id":3684,"href":"https:\/\/www.yaruna.com\/bien-etre\/wp-json\/wp\/v2\/pages\/2\/revisions\/3684"}],"wp:attachment":[{"href":"https:\/\/www.yaruna.com\/bien-etre\/wp-json\/wp\/v2\/media?parent=2"}],"curies":[{"name":"wp","href":"https:\/\/api.w.org\/{rel}","templated":true}]}}