{"id":2425,"date":"2014-04-03T18:15:03","date_gmt":"2014-04-03T18:15:03","guid":{"rendered":"http:\/\/themenectar.com\/demo\/salient-frostwave\/?page_id=2425"},"modified":"2019-02-22T19:37:16","modified_gmt":"2019-02-22T18:37:16","slug":"qui-suis-je","status":"publish","type":"page","link":"https:\/\/www.yaruna.com\/bien-etre\/qui-suis-je\/","title":{"rendered":"Qui suis-je?"},"content":{"rendered":"[vc_row type=\u00a0\u00bbin_container\u00a0\u00bb full_screen_row_position=\u00a0\u00bbmiddle\u00a0\u00bb scene_position=\u00a0\u00bbcenter\u00a0\u00bb text_color=\u00a0\u00bbdark\u00a0\u00bb text_align=\u00a0\u00bbleft\u00a0\u00bb overlay_strength=\u00a0\u00bb0.3&Prime;][vc_column column_padding=\u00a0\u00bbno-extra-padding\u00a0\u00bb column_padding_position=\u00a0\u00bball\u00a0\u00bb background_color_opacity=\u00a0\u00bb1&Prime; background_hover_color_opacity=\u00a0\u00bb1&Prime; column_shadow=\u00a0\u00bbnone\u00a0\u00bb width=\u00a0\u00bb1\/1&Prime; tablet_text_alignment=\u00a0\u00bbdefault\u00a0\u00bb phone_text_alignment=\u00a0\u00bbdefault\u00a0\u00bb column_border_width=\u00a0\u00bbnone\u00a0\u00bb column_border_style=\u00a0\u00bbsolid\u00a0\u00bb]<div class=\"img-with-aniamtion-wrap center\" data-max-width=\"100%\"><div class=\"inner\"><img loading=\"lazy\" decoding=\"async\" data-shadow=\"none\" data-shadow-direction=\"middle\" class=\"img-with-animation \" data-delay=\"0\" height=\"309\" width=\"251\" data-animation=\"fade-in\" src=\"https:\/\/www.yaruna.com\/bien-etre\/wp-content\/uploads\/sites\/2\/2018\/07\/moi-devant-futon-e1531091171245.jpg\" srcset=\"https:\/\/www.yaruna.com\/bien-etre\/wp-content\/uploads\/sites\/2\/2018\/07\/moi-devant-futon-e1531091171245.jpg 251w, https:\/\/www.yaruna.com\/bien-etre\/wp-content\/uploads\/sites\/2\/2018\/07\/moi-devant-futon-e1531091171245-244x300.jpg 244w\" sizes=\"100vw\" alt=\"\" \/><\/div><\/div>[\/vc_column][\/vc_row][vc_row type=\u00a0\u00bbin_container\u00a0\u00bb full_screen_row_position=\u00a0\u00bbmiddle\u00a0\u00bb scene_position=\u00a0\u00bbcenter\u00a0\u00bb text_color=\u00a0\u00bbdark\u00a0\u00bb text_align=\u00a0\u00bbleft\u00a0\u00bb overlay_strength=\u00a0\u00bb0.3&Prime;][vc_column column_padding=\u00a0\u00bbno-extra-padding\u00a0\u00bb column_padding_position=\u00a0\u00bball\u00a0\u00bb background_color_opacity=\u00a0\u00bb1&Prime; background_hover_color_opacity=\u00a0\u00bb1&Prime; column_shadow=\u00a0\u00bbnone\u00a0\u00bb width=\u00a0\u00bb1\/1&Prime; tablet_text_alignment=\u00a0\u00bbdefault\u00a0\u00bb phone_text_alignment=\u00a0\u00bbdefault\u00a0\u00bb column_border_width=\u00a0\u00bbnone\u00a0\u00bb column_border_style=\u00a0\u00bbsolid\u00a0\u00bb][vc_column_text]<span style=\"color: #808080;\">Je m\u2019appelle Carine.<br \/>\n<\/span><span style=\"color: #808080;\">Je suis m\u00e9tisse, belgo-congolaise.<br \/>\nC\u2019est en rencontrant le <strong>massage africain<\/strong>\u00a0au d\u00e9tour d\u2019un salon bien-\u00eatre que je suis tomb\u00e9e amoureuse de son c\u00f4t\u00e9 dynamique et puissant.<br \/>\n<\/span><span style=\"color: #808080;\">Replongeant dans mes racines, j\u2019ai obtenu la certification avec grand succ\u00e8s !<br \/>\n<\/span><span style=\"color: #808080;\">Ayant comptabilis\u00e9 un certain nombre de massages depuis, j&rsquo;ai une certaine expertise en la mati\u00e8re.<br \/>\n<\/span><span style=\"color: #808080;\">Quelques temps plus tard, observant la difficult\u00e9 des personnes mass\u00e9es \u00e0 \u00ab\u00a0l\u00e2cher la t\u00eate\u00a0\u00bb, j\u2019ai d\u00e9cid\u00e9 de me former au <strong>massage cr\u00e2nien<\/strong>.<br \/>\n<\/span><span style=\"color: #808080;\"><strong>Rencontre, \u00e9change et \u00ab\u00a0sur mesure<\/strong>\u00a0\u00bb sont les mots qui d\u00e9finissent le mieux le contexte de mes massages.<br \/>\n<\/span><span style=\"color: #808080;\">Ils me permettent en m\u00eame temps de me reconnecter \u00e0 mon souffle et aident la personne\u00a0 mass\u00e9e \u00e0 se reconnecter \u00e0 elle-m\u00eame.<br \/>\n<\/span><span style=\"color: #808080;\">Comme une exp\u00e9rience vaut mieux qu\u2019un long discours, \u00a0<\/span><strong><span style=\"color: #808080;\"><span style=\"caret-color: #808080;\">prenez<\/span>\u00a0un rendez-vous\u00a0!\u00a0<\/span><\/strong><\/p>\n<h4><\/h4>\n[\/vc_column_text][\/vc_column][\/vc_row][vc_row type=\u00a0\u00bbin_container\u00a0\u00bb full_screen_row_position=\u00a0\u00bbmiddle\u00a0\u00bb scene_position=\u00a0\u00bbcenter\u00a0\u00bb text_color=\u00a0\u00bbdark\u00a0\u00bb text_align=\u00a0\u00bbleft\u00a0\u00bb overlay_strength=\u00a0\u00bb0.3&Prime;][vc_column column_padding=\u00a0\u00bbno-extra-padding\u00a0\u00bb column_padding_position=\u00a0\u00bball\u00a0\u00bb background_color_opacity=\u00a0\u00bb1&Prime; background_hover_color_opacity=\u00a0\u00bb1&Prime; column_shadow=\u00a0\u00bbnone\u00a0\u00bb width=\u00a0\u00bb1\/1&Prime; tablet_text_alignment=\u00a0\u00bbdefault\u00a0\u00bb phone_text_alignment=\u00a0\u00bbdefault\u00a0\u00bb column_border_width=\u00a0\u00bbnone\u00a0\u00bb column_border_style=\u00a0\u00bbsolid\u00a0\u00bb][nectar_btn size=\u00a0\u00bbmedium\u00a0\u00bb button_style=\u00a0\u00bbregular-tilt\u00a0\u00bb button_color=\u00a0\u00bbExtra-Color-1&Prime; icon_family=\u00a0\u00bbdefault_arrow\u00a0\u00bb url=\u00a0\u00bbhttps:\/\/www.gorendezvous.com\/fr\/homepage\/90797&Prime; text=\u00a0\u00bbD\u00e9tente Africaine\u00a0\u00bb css_animation=\u00a0\u00bbflash\u00a0\u00bb margin_left=\u00a0\u00bb550&Prime;][\/vc_column][\/vc_row]\n","protected":false},"excerpt":{"rendered":"<p>[vc_row type=\u00a0\u00bbin_container\u00a0\u00bb full_screen_row_position=\u00a0\u00bbmiddle\u00a0\u00bb scene_position=\u00a0\u00bbcenter\u00a0\u00bb text_color=\u00a0\u00bbdark\u00a0\u00bb text_align=\u00a0\u00bbleft\u00a0\u00bb overlay_strength=\u00a0\u00bb0.3&Prime;][vc_column column_padding=\u00a0\u00bbno-extra-padding\u00a0\u00bb column_padding_position=\u00a0\u00bball\u00a0\u00bb background_color_opacity=\u00a0\u00bb1&Prime; background_hover_color_opacity=\u00a0\u00bb1&Prime; column_shadow=\u00a0\u00bbnone\u00a0\u00bb width=\u00a0\u00bb1\/1&Prime; tablet_text_alignment=\u00a0\u00bbdefault\u00a0\u00bb phone_text_alignment=\u00a0\u00bbdefault\u00a0\u00bb column_border_width=\u00a0\u00bbnone\u00a0\u00bb column_border_style=\u00a0\u00bbsolid\u00a0\u00bb][\/vc_column][\/vc_row][vc_row type=\u00a0\u00bbin_container\u00a0\u00bb full_screen_row_position=\u00a0\u00bbmiddle\u00a0\u00bb scene_position=\u00a0\u00bbcenter\u00a0\u00bb text_color=\u00a0\u00bbdark\u00a0\u00bb text_align=\u00a0\u00bbleft\u00a0\u00bb overlay_strength=\u00a0\u00bb0.3&Prime;][vc_column column_padding=\u00a0\u00bbno-extra-padding\u00a0\u00bb column_padding_position=\u00a0\u00bball\u00a0\u00bb background_color_opacity=\u00a0\u00bb1&Prime; background_hover_color_opacity=\u00a0\u00bb1&Prime; column_shadow=\u00a0\u00bbnone\u00a0\u00bb width=\u00a0\u00bb1\/1&Prime; tablet_text_alignment=\u00a0\u00bbdefault\u00a0\u00bb&#8230;<\/p>\n","protected":false},"author":1,"featured_media":0,"parent":0,"menu_order":4,"comment_status":"open","ping_status":"open","template":"","meta":{"_exactmetrics_skip_tracking":false,"_exactmetrics_sitenote_active":false,"_exactmetrics_sitenote_note":"","_exactmetrics_sitenote_category":0,"footnotes":""},"yoast_head":"<!-- This site is optimized with the Yoast SEO plugin v23.0 - https:\/\/yoast.com\/wordpress\/plugins\/seo\/ -->\n<title>Qui suis-je? Massoth\u00e9rapeute en massage africain et cr\u00e2nien<\/title>\n<meta name=\"description\" content=\"C\u2019est en rencontrant le massage africain\u00a0au d\u00e9tour d\u2019un salon bien-\u00eatre que je suis tomb\u00e9e amoureuse de son c\u00f4t\u00e9 dynamique et puissant.\" \/>\n<meta name=\"robots\" content=\"index, follow, max-snippet:-1, max-image-preview:large, max-video-preview:-1\" \/>\n<link rel=\"canonical\" href=\"https:\/\/www.yaruna.com\/bien-etre\/qui-suis-je\/\" \/>\n<meta property=\"og:locale\" content=\"fr_FR\" \/>\n<meta property=\"og:type\" content=\"article\" \/>\n<meta property=\"og:title\" content=\"Qui suis-je? Massoth\u00e9rapeute en massage africain et cr\u00e2nien\" \/>\n<meta property=\"og:description\" content=\"C\u2019est en rencontrant le massage africain\u00a0au d\u00e9tour d\u2019un salon bien-\u00eatre que je suis tomb\u00e9e amoureuse de son c\u00f4t\u00e9 dynamique et puissant.\" \/>\n<meta property=\"og:url\" content=\"https:\/\/www.yaruna.com\/bien-etre\/qui-suis-je\/\" \/>\n<meta property=\"og:site_name\" content=\"Bien-\u00eatre chez Yaruna\" \/>\n<meta property=\"article:modified_time\" content=\"2019-02-22T18:37:16+00:00\" \/>\n<meta name=\"twitter:card\" content=\"summary_large_image\" \/>\n<meta name=\"twitter:label1\" content=\"Dur\u00e9e de lecture estim\u00e9e\" \/>\n\t<meta name=\"twitter:data1\" content=\"2 minutes\" \/>\n<script type=\"application\/ld+json\" class=\"yoast-schema-graph\">{\"@context\":\"https:\/\/schema.org\",\"@graph\":[{\"@type\":\"WebPage\",\"@id\":\"https:\/\/www.yaruna.com\/bien-etre\/qui-suis-je\/\",\"url\":\"https:\/\/www.yaruna.com\/bien-etre\/qui-suis-je\/\",\"name\":\"Qui suis-je? Massoth\u00e9rapeute en massage africain et cr\u00e2nien\",\"isPartOf\":{\"@id\":\"https:\/\/www.yaruna.com\/bien-etre\/#website\"},\"datePublished\":\"2014-04-03T18:15:03+00:00\",\"dateModified\":\"2019-02-22T18:37:16+00:00\",\"description\":\"C\u2019est en rencontrant le massage africain\u00a0au d\u00e9tour d\u2019un salon bien-\u00eatre que je suis tomb\u00e9e amoureuse de son c\u00f4t\u00e9 dynamique et puissant.\",\"breadcrumb\":{\"@id\":\"https:\/\/www.yaruna.com\/bien-etre\/qui-suis-je\/#breadcrumb\"},\"inLanguage\":\"fr-FR\",\"potentialAction\":[{\"@type\":\"ReadAction\",\"target\":[\"https:\/\/www.yaruna.com\/bien-etre\/qui-suis-je\/\"]}]},{\"@type\":\"BreadcrumbList\",\"@id\":\"https:\/\/www.yaruna.com\/bien-etre\/qui-suis-je\/#breadcrumb\",\"itemListElement\":[{\"@type\":\"ListItem\",\"position\":1,\"name\":\"Accueil\",\"item\":\"https:\/\/www.yaruna.com\/bien-etre\/\"},{\"@type\":\"ListItem\",\"position\":2,\"name\":\"Qui suis-je?\"}]},{\"@type\":\"WebSite\",\"@id\":\"https:\/\/www.yaruna.com\/bien-etre\/#website\",\"url\":\"https:\/\/www.yaruna.com\/bien-etre\/\",\"name\":\"Bien-\u00eatre chez Yaruna\",\"description\":\"Bien-\u00eatre chez Yaruna Massage Africain et Cr\u00e2nien \u00e0 Bruxelles\",\"potentialAction\":[{\"@type\":\"SearchAction\",\"target\":{\"@type\":\"EntryPoint\",\"urlTemplate\":\"https:\/\/www.yaruna.com\/bien-etre\/?s={search_term_string}\"},\"query-input\":\"required name=search_term_string\"}],\"inLanguage\":\"fr-FR\"}]}<\/script>\n<!-- \/ Yoast SEO plugin. -->","yoast_head_json":{"title":"Qui suis-je? Massoth\u00e9rapeute en massage africain et cr\u00e2nien","description":"C\u2019est en rencontrant le massage africain\u00a0au d\u00e9tour d\u2019un salon bien-\u00eatre que je suis tomb\u00e9e amoureuse de son c\u00f4t\u00e9 dynamique et puissant.","robots":{"index":"index","follow":"follow","max-snippet":"max-snippet:-1","max-image-preview":"max-image-preview:large","max-video-preview":"max-video-preview:-1"},"canonical":"https:\/\/www.yaruna.com\/bien-etre\/qui-suis-je\/","og_locale":"fr_FR","og_type":"article","og_title":"Qui suis-je? Massoth\u00e9rapeute en massage africain et cr\u00e2nien","og_description":"C\u2019est en rencontrant le massage africain\u00a0au d\u00e9tour d\u2019un salon bien-\u00eatre que je suis tomb\u00e9e amoureuse de son c\u00f4t\u00e9 dynamique et puissant.","og_url":"https:\/\/www.yaruna.com\/bien-etre\/qui-suis-je\/","og_site_name":"Bien-\u00eatre chez Yaruna","article_modified_time":"2019-02-22T18:37:16+00:00","twitter_card":"summary_large_image","twitter_misc":{"Dur\u00e9e de lecture estim\u00e9e":"2 minutes"},"schema":{"@context":"https:\/\/schema.org","@graph":[{"@type":"WebPage","@id":"https:\/\/www.yaruna.com\/bien-etre\/qui-suis-je\/","url":"https:\/\/www.yaruna.com\/bien-etre\/qui-suis-je\/","name":"Qui suis-je? Massoth\u00e9rapeute en massage africain et cr\u00e2nien","isPartOf":{"@id":"https:\/\/www.yaruna.com\/bien-etre\/#website"},"datePublished":"2014-04-03T18:15:03+00:00","dateModified":"2019-02-22T18:37:16+00:00","description":"C\u2019est en rencontrant le massage africain\u00a0au d\u00e9tour d\u2019un salon bien-\u00eatre que je suis tomb\u00e9e amoureuse de son c\u00f4t\u00e9 dynamique et puissant.","breadcrumb":{"@id":"https:\/\/www.yaruna.com\/bien-etre\/qui-suis-je\/#breadcrumb"},"inLanguage":"fr-FR","potentialAction":[{"@type":"ReadAction","target":["https:\/\/www.yaruna.com\/bien-etre\/qui-suis-je\/"]}]},{"@type":"BreadcrumbList","@id":"https:\/\/www.yaruna.com\/bien-etre\/qui-suis-je\/#breadcrumb","itemListElement":[{"@type":"ListItem","position":1,"name":"Accueil","item":"https:\/\/www.yaruna.com\/bien-etre\/"},{"@type":"ListItem","position":2,"name":"Qui suis-je?"}]},{"@type":"WebSite","@id":"https:\/\/www.yaruna.com\/bien-etre\/#website","url":"https:\/\/www.yaruna.com\/bien-etre\/","name":"Bien-\u00eatre chez Yaruna","description":"Bien-\u00eatre chez Yaruna Massage Africain et Cr\u00e2nien \u00e0 Bruxelles","potentialAction":[{"@type":"SearchAction","target":{"@type":"EntryPoint","urlTemplate":"https:\/\/www.yaruna.com\/bien-etre\/?s={search_term_string}"},"query-input":"required name=search_term_string"}],"inLanguage":"fr-FR"}]}},"_links":{"self":[{"href":"https:\/\/www.yaruna.com\/bien-etre\/wp-json\/wp\/v2\/pages\/2425"}],"collection":[{"href":"https:\/\/www.yaruna.com\/bien-etre\/wp-json\/wp\/v2\/pages"}],"about":[{"href":"https:\/\/www.yaruna.com\/bien-etre\/wp-json\/wp\/v2\/types\/page"}],"author":[{"embeddable":true,"href":"https:\/\/www.yaruna.com\/bien-etre\/wp-json\/wp\/v2\/users\/1"}],"replies":[{"embeddable":true,"href":"https:\/\/www.yaruna.com\/bien-etre\/wp-json\/wp\/v2\/comments?post=2425"}],"version-history":[{"count":28,"href":"https:\/\/www.yaruna.com\/bien-etre\/wp-json\/wp\/v2\/pages\/2425\/revisions"}],"predecessor-version":[{"id":3497,"href":"https:\/\/www.yaruna.com\/bien-etre\/wp-json\/wp\/v2\/pages\/2425\/revisions\/3497"}],"wp:attachment":[{"href":"https:\/\/www.yaruna.com\/bien-etre\/wp-json\/wp\/v2\/media?parent=2425"}],"curies":[{"name":"wp","href":"https:\/\/api.w.org\/{rel}","templated":true}]}}