{"id":3636,"date":"2022-05-26T10:02:40","date_gmt":"2022-05-26T08:02:40","guid":{"rendered":"https:\/\/www.yaruna.com\/bien-etre\/?page_id=3636"},"modified":"2024-06-15T01:10:35","modified_gmt":"2024-06-14T23:10:35","slug":"scan-therapeutique","status":"publish","type":"page","link":"https:\/\/www.yaruna.com\/bien-etre\/scan-therapeutique\/","title":{"rendered":"Membre Praticien des Scanneurs"},"content":{"rendered":"[vc_row type=\u00a0\u00bbin_container\u00a0\u00bb full_screen_row_position=\u00a0\u00bbmiddle\u00a0\u00bb scene_position=\u00a0\u00bbcenter\u00a0\u00bb text_color=\u00a0\u00bbdark\u00a0\u00bb text_align=\u00a0\u00bbleft\u00a0\u00bb overlay_strength=\u00a0\u00bb0.3&Prime;][vc_column column_padding=\u00a0\u00bbno-extra-padding\u00a0\u00bb column_padding_position=\u00a0\u00bball\u00a0\u00bb background_color_opacity=\u00a0\u00bb1&Prime; background_hover_color_opacity=\u00a0\u00bb1&Prime; column_shadow=\u00a0\u00bbnone\u00a0\u00bb width=\u00a0\u00bb1\/1&Prime; tablet_text_alignment=\u00a0\u00bbdefault\u00a0\u00bb phone_text_alignment=\u00a0\u00bbdefault\u00a0\u00bb column_border_width=\u00a0\u00bbnone\u00a0\u00bb column_border_style=\u00a0\u00bbsolid\u00a0\u00bb]<div class=\"img-with-aniamtion-wrap center\" data-max-width=\"100%\"><div class=\"inner\"><img loading=\"lazy\" decoding=\"async\" data-shadow=\"none\" data-shadow-direction=\"middle\" class=\"img-with-animation \" data-delay=\"0\" height=\"424\" width=\"780\" data-animation=\"fade-in\" src=\"https:\/\/www.yaruna.com\/bien-etre\/wp-content\/uploads\/sites\/2\/2022\/06\/cascade-Munich-pt.jpg\" srcset=\"https:\/\/www.yaruna.com\/bien-etre\/wp-content\/uploads\/sites\/2\/2022\/06\/cascade-Munich-pt.jpg 780w, https:\/\/www.yaruna.com\/bien-etre\/wp-content\/uploads\/sites\/2\/2022\/06\/cascade-Munich-pt-300x163.jpg 300w, https:\/\/www.yaruna.com\/bien-etre\/wp-content\/uploads\/sites\/2\/2022\/06\/cascade-Munich-pt-768x417.jpg 768w, https:\/\/www.yaruna.com\/bien-etre\/wp-content\/uploads\/sites\/2\/2022\/06\/cascade-Munich-pt-600x326.jpg 600w\" sizes=\"100vw\" alt=\"\" \/><\/div><\/div>[vc_column_text css=\u00a0\u00bb.vc_custom_1718406619078{margin-top: 20px !important;}\u00a0\u00bb]<strong>\u00a0Avant de poursuivre la lecture, il est crucial de noter que les impressions et perceptions \u00e9nerg\u00e9tiques, ou \u00ab\u00a0scans\u00a0\u00bb, ne remplacent en aucun cas un avis m\u00e9dical professionnel. Si vous avez des pr\u00e9occupations concernant votre sant\u00e9 physique ou mentale, il est essentiel de consulter un m\u00e9decin ou un professionnel de la sant\u00e9 qualifi\u00e9. Les pratiques de perception \u00e9nerg\u00e9tique peuvent \u00eatre des compl\u00e9ments aux soins m\u00e9dicaux traditionnels, mais elles ne doivent jamais \u00eatre utilis\u00e9es comme substituts.<\/strong><\/p>\n<p>Maintenant que cela est clair, nous pouvons continuer \u00e0 explorer comment l&rsquo;intuition et la perception \u00e9nerg\u00e9tique peuvent vous aider dans votre vie quotidienne.<\/p>\n<p>Cette exp\u00e9rience de ressentir instantan\u00e9ment quelque chose au sujet d&rsquo;une personne, m\u00eame si cela ne correspond pas \u00e0 son apparence, est assez courante et fascinante. C&rsquo;est souvent d\u00e9crit comme une forme d&rsquo;intuition ou de perception \u00e9nerg\u00e9tique.<br \/>\nNous captons des vibrations, des \u00e9motions, et des \u00e9tats d&rsquo;\u00e2me qui ne sont pas toujours visibles \u00e0 l&rsquo;\u0153il nu, mais que notre subconscient per\u00e7oit.<\/p>\n<p>Cela peut s&rsquo;appliquer \u00e0 de nombreux aspects de la vie.<br \/>\nVous vous posez des questions sur vos choix de vie, comme votre lieu de vie, votre m\u00e9tier, vos relations, parce que quelque part en vous, il y a une partie qui ressent l&rsquo;\u00e9nergie et les vibrations de ces situations et qui sait si elles sont en harmonie avec votre \u00eatre int\u00e9rieur.<\/p>\n<p>R\u00e9p\u00e9ter les m\u00eames sch\u00e9mas de comportement est souvent un signe que nous sommes coinc\u00e9s dans un cycle \u00e9nerg\u00e9tique ou \u00e9motionnel que nous n&rsquo;avons pas encore compris ou r\u00e9solu. Pour quitter ces cercles vicieux, il est utile de prendre conscience des \u00e9nergies sous-jacentes et des \u00e9motions non r\u00e9solues qui les alimentent.<br \/>\nCela peut n\u00e9cessiter un travail int\u00e9rieur profond.<\/p>\n<p>La bonne nouvelle est qu&rsquo;il est possible de changer et d&rsquo;am\u00e9liorer sa vie en devenant plus conscient de ces \u00e9nergies.<br \/>\nEn d\u00e9veloppant votre sensibilit\u00e9 \u00e0 ces vibrations et en apprenant \u00e0 les \u00e9couter, vous pouvez faire des choix plus align\u00e9s avec votre v\u00e9ritable essence et vivre une vie plus \u00e9panouissante et authentique.<\/p>\n<p>Bonne nouvelle !<\/p>\n<p>Il est possible de d\u00e9couvrir l&rsquo;origine de vos questionnements, et mieux encore de trouver des pistes de solutions. Comment, me direz-vous ? C&rsquo;est l\u00e0 qu&rsquo;intervient le <strong>Scan.<\/strong><\/p>\n<p>Pendant 1h ou 1h30, avec votre permission, je me connecterai \u00e0 votre \u00e9nergie avec douceur et bienveillance afin de mettre en \u00e9vidence vos blocages et \u00e9galement vos forces.<br \/>\nLa s\u00e9ance vous offrira des pistes simples et accessibles qui, si vous les suivez, vous aideront dans votre cheminement.<br \/>\nBeaucoup de personnes ayant b\u00e9n\u00e9fici\u00e9 de ce scan m&rsquo;ont partag\u00e9 durant leur s\u00e9ance qu&rsquo;elles s&rsquo;\u00e9taient senties comprises et avaient pu mettre des mots sur leurs maux. Elles avaient retrouv\u00e9 la paix et leur potentiel.<\/p>\n<p>Si, comme ces personnes, vous avez envie de faire cette exp\u00e9rience, r\u00e9servez votre moment pour un <span style=\"color: #1c1e21;\"><span style=\"font-family: inherit;\"><span style=\"font-size: small;\"><a href=\"https:\/\/www.gorendezvous.com\/fr\/homepage\/90797\"><span style=\"color: #0000ff;\">Scan <\/span><\/a><\/span><\/span><\/span>[\/vc_column_text][\/vc_column][\/vc_row][vc_row type=\u00a0\u00bbin_container\u00a0\u00bb full_screen_row_position=\u00a0\u00bbmiddle\u00a0\u00bb scene_position=\u00a0\u00bbcenter\u00a0\u00bb text_color=\u00a0\u00bbdark\u00a0\u00bb text_align=\u00a0\u00bbleft\u00a0\u00bb overlay_strength=\u00a0\u00bb0.3&Prime;][vc_column column_padding=\u00a0\u00bbno-extra-padding\u00a0\u00bb column_padding_position=\u00a0\u00bball\u00a0\u00bb background_color_opacity=\u00a0\u00bb1&Prime; background_hover_color_opacity=\u00a0\u00bb1&Prime; column_shadow=\u00a0\u00bbnone\u00a0\u00bb width=\u00a0\u00bb1\/1&Prime; tablet_text_alignment=\u00a0\u00bbdefault\u00a0\u00bb phone_text_alignment=\u00a0\u00bbdefault\u00a0\u00bb column_border_width=\u00a0\u00bbnone\u00a0\u00bb column_border_style=\u00a0\u00bbsolid\u00a0\u00bb]<div class=\"img-with-aniamtion-wrap center\" data-max-width=\"100%\"><div class=\"inner\"><img loading=\"lazy\" decoding=\"async\" data-shadow=\"none\" data-shadow-direction=\"middle\" class=\"img-with-animation \" data-delay=\"0\" height=\"480\" width=\"640\" data-animation=\"fade-in\" src=\"https:\/\/www.yaruna.com\/bien-etre\/wp-content\/uploads\/sites\/2\/2022\/06\/sofianna-p-vU5vaKD-I3s-unsplash.jpg\" srcset=\"https:\/\/www.yaruna.com\/bien-etre\/wp-content\/uploads\/sites\/2\/2022\/06\/sofianna-p-vU5vaKD-I3s-unsplash.jpg 640w, https:\/\/www.yaruna.com\/bien-etre\/wp-content\/uploads\/sites\/2\/2022\/06\/sofianna-p-vU5vaKD-I3s-unsplash-300x225.jpg 300w, https:\/\/www.yaruna.com\/bien-etre\/wp-content\/uploads\/sites\/2\/2022\/06\/sofianna-p-vU5vaKD-I3s-unsplash-600x450.jpg 600w\" sizes=\"100vw\" alt=\"\" \/><\/div><\/div>[\/vc_column][\/vc_row]\n","protected":false},"excerpt":{"rendered":"<p>[vc_row type=\u00a0\u00bbin_container\u00a0\u00bb full_screen_row_position=\u00a0\u00bbmiddle\u00a0\u00bb scene_position=\u00a0\u00bbcenter\u00a0\u00bb text_color=\u00a0\u00bbdark\u00a0\u00bb text_align=\u00a0\u00bbleft\u00a0\u00bb overlay_strength=\u00a0\u00bb0.3&Prime;][vc_column column_padding=\u00a0\u00bbno-extra-padding\u00a0\u00bb column_padding_position=\u00a0\u00bball\u00a0\u00bb background_color_opacity=\u00a0\u00bb1&Prime; background_hover_color_opacity=\u00a0\u00bb1&Prime; column_shadow=\u00a0\u00bbnone\u00a0\u00bb width=\u00a0\u00bb1\/1&Prime; tablet_text_alignment=\u00a0\u00bbdefault\u00a0\u00bb phone_text_alignment=\u00a0\u00bbdefault\u00a0\u00bb column_border_width=\u00a0\u00bbnone\u00a0\u00bb column_border_style=\u00a0\u00bbsolid\u00a0\u00bb][vc_column_text css=\u00a0\u00bb.vc_custom_1718406619078{margin-top: 20px !important;}\u00a0\u00bb]\u00a0Avant de poursuivre la lecture, il est crucial de noter que&#8230;<\/p>\n","protected":false},"author":1,"featured_media":0,"parent":0,"menu_order":0,"comment_status":"closed","ping_status":"closed","template":"","meta":{"_exactmetrics_skip_tracking":false,"_exactmetrics_sitenote_active":false,"_exactmetrics_sitenote_note":"","_exactmetrics_sitenote_category":0,"footnotes":""},"yoast_head":"<!-- This site is optimized with the Yoast SEO plugin v23.0 - https:\/\/yoast.com\/wordpress\/plugins\/seo\/ -->\n<title>Membre Praticien des Scanneurs - Bien-\u00eatre chez Yaruna<\/title>\n<meta name=\"robots\" content=\"index, follow, max-snippet:-1, max-image-preview:large, max-video-preview:-1\" \/>\n<link rel=\"canonical\" href=\"https:\/\/www.yaruna.com\/bien-etre\/scan-therapeutique\/\" \/>\n<meta property=\"og:locale\" content=\"fr_FR\" \/>\n<meta property=\"og:type\" content=\"article\" \/>\n<meta property=\"og:title\" content=\"Membre Praticien des Scanneurs - Bien-\u00eatre chez Yaruna\" \/>\n<meta property=\"og:description\" content=\"[vc_row type=\u00a0\u00bbin_container\u00a0\u00bb full_screen_row_position=\u00a0\u00bbmiddle\u00a0\u00bb scene_position=\u00a0\u00bbcenter\u00a0\u00bb text_color=\u00a0\u00bbdark\u00a0\u00bb text_align=\u00a0\u00bbleft\u00a0\u00bb overlay_strength=\u00a0\u00bb0.3&Prime;][vc_column column_padding=\u00a0\u00bbno-extra-padding\u00a0\u00bb column_padding_position=\u00a0\u00bball\u00a0\u00bb background_color_opacity=\u00a0\u00bb1&Prime; background_hover_color_opacity=\u00a0\u00bb1&Prime; column_shadow=\u00a0\u00bbnone\u00a0\u00bb width=\u00a0\u00bb1\/1&Prime; tablet_text_alignment=\u00a0\u00bbdefault\u00a0\u00bb phone_text_alignment=\u00a0\u00bbdefault\u00a0\u00bb column_border_width=\u00a0\u00bbnone\u00a0\u00bb column_border_style=\u00a0\u00bbsolid\u00a0\u00bb][vc_column_text css=\u00a0\u00bb.vc_custom_1718406619078{margin-top: 20px !important;}\u00a0\u00bb]\u00a0Avant de poursuivre la lecture, il est crucial de noter que...\" \/>\n<meta property=\"og:url\" content=\"https:\/\/www.yaruna.com\/bien-etre\/scan-therapeutique\/\" \/>\n<meta property=\"og:site_name\" content=\"Bien-\u00eatre chez Yaruna\" \/>\n<meta property=\"article:modified_time\" content=\"2024-06-14T23:10:35+00:00\" \/>\n<meta name=\"twitter:card\" content=\"summary_large_image\" \/>\n<meta name=\"twitter:label1\" content=\"Dur\u00e9e de lecture estim\u00e9e\" \/>\n\t<meta name=\"twitter:data1\" content=\"3 minutes\" \/>\n<script type=\"application\/ld+json\" class=\"yoast-schema-graph\">{\"@context\":\"https:\/\/schema.org\",\"@graph\":[{\"@type\":\"WebPage\",\"@id\":\"https:\/\/www.yaruna.com\/bien-etre\/scan-therapeutique\/\",\"url\":\"https:\/\/www.yaruna.com\/bien-etre\/scan-therapeutique\/\",\"name\":\"Membre Praticien des Scanneurs - Bien-\u00eatre chez Yaruna\",\"isPartOf\":{\"@id\":\"https:\/\/www.yaruna.com\/bien-etre\/#website\"},\"datePublished\":\"2022-05-26T08:02:40+00:00\",\"dateModified\":\"2024-06-14T23:10:35+00:00\",\"breadcrumb\":{\"@id\":\"https:\/\/www.yaruna.com\/bien-etre\/scan-therapeutique\/#breadcrumb\"},\"inLanguage\":\"fr-FR\",\"potentialAction\":[{\"@type\":\"ReadAction\",\"target\":[\"https:\/\/www.yaruna.com\/bien-etre\/scan-therapeutique\/\"]}]},{\"@type\":\"BreadcrumbList\",\"@id\":\"https:\/\/www.yaruna.com\/bien-etre\/scan-therapeutique\/#breadcrumb\",\"itemListElement\":[{\"@type\":\"ListItem\",\"position\":1,\"name\":\"Accueil\",\"item\":\"https:\/\/www.yaruna.com\/bien-etre\/\"},{\"@type\":\"ListItem\",\"position\":2,\"name\":\"Membre Praticien des Scanneurs\"}]},{\"@type\":\"WebSite\",\"@id\":\"https:\/\/www.yaruna.com\/bien-etre\/#website\",\"url\":\"https:\/\/www.yaruna.com\/bien-etre\/\",\"name\":\"Bien-\u00eatre chez Yaruna\",\"description\":\"Bien-\u00eatre chez Yaruna Massage Africain et Cr\u00e2nien \u00e0 Bruxelles\",\"potentialAction\":[{\"@type\":\"SearchAction\",\"target\":{\"@type\":\"EntryPoint\",\"urlTemplate\":\"https:\/\/www.yaruna.com\/bien-etre\/?s={search_term_string}\"},\"query-input\":\"required name=search_term_string\"}],\"inLanguage\":\"fr-FR\"}]}<\/script>\n<!-- \/ Yoast SEO plugin. -->","yoast_head_json":{"title":"Membre Praticien des Scanneurs - Bien-\u00eatre chez Yaruna","robots":{"index":"index","follow":"follow","max-snippet":"max-snippet:-1","max-image-preview":"max-image-preview:large","max-video-preview":"max-video-preview:-1"},"canonical":"https:\/\/www.yaruna.com\/bien-etre\/scan-therapeutique\/","og_locale":"fr_FR","og_type":"article","og_title":"Membre Praticien des Scanneurs - Bien-\u00eatre chez Yaruna","og_description":"[vc_row type=\u00a0\u00bbin_container\u00a0\u00bb full_screen_row_position=\u00a0\u00bbmiddle\u00a0\u00bb scene_position=\u00a0\u00bbcenter\u00a0\u00bb text_color=\u00a0\u00bbdark\u00a0\u00bb text_align=\u00a0\u00bbleft\u00a0\u00bb overlay_strength=\u00a0\u00bb0.3&Prime;][vc_column column_padding=\u00a0\u00bbno-extra-padding\u00a0\u00bb column_padding_position=\u00a0\u00bball\u00a0\u00bb background_color_opacity=\u00a0\u00bb1&Prime; background_hover_color_opacity=\u00a0\u00bb1&Prime; column_shadow=\u00a0\u00bbnone\u00a0\u00bb width=\u00a0\u00bb1\/1&Prime; tablet_text_alignment=\u00a0\u00bbdefault\u00a0\u00bb phone_text_alignment=\u00a0\u00bbdefault\u00a0\u00bb column_border_width=\u00a0\u00bbnone\u00a0\u00bb column_border_style=\u00a0\u00bbsolid\u00a0\u00bb][vc_column_text css=\u00a0\u00bb.vc_custom_1718406619078{margin-top: 20px !important;}\u00a0\u00bb]\u00a0Avant de poursuivre la lecture, il est crucial de noter que...","og_url":"https:\/\/www.yaruna.com\/bien-etre\/scan-therapeutique\/","og_site_name":"Bien-\u00eatre chez Yaruna","article_modified_time":"2024-06-14T23:10:35+00:00","twitter_card":"summary_large_image","twitter_misc":{"Dur\u00e9e de lecture estim\u00e9e":"3 minutes"},"schema":{"@context":"https:\/\/schema.org","@graph":[{"@type":"WebPage","@id":"https:\/\/www.yaruna.com\/bien-etre\/scan-therapeutique\/","url":"https:\/\/www.yaruna.com\/bien-etre\/scan-therapeutique\/","name":"Membre Praticien des Scanneurs - Bien-\u00eatre chez Yaruna","isPartOf":{"@id":"https:\/\/www.yaruna.com\/bien-etre\/#website"},"datePublished":"2022-05-26T08:02:40+00:00","dateModified":"2024-06-14T23:10:35+00:00","breadcrumb":{"@id":"https:\/\/www.yaruna.com\/bien-etre\/scan-therapeutique\/#breadcrumb"},"inLanguage":"fr-FR","potentialAction":[{"@type":"ReadAction","target":["https:\/\/www.yaruna.com\/bien-etre\/scan-therapeutique\/"]}]},{"@type":"BreadcrumbList","@id":"https:\/\/www.yaruna.com\/bien-etre\/scan-therapeutique\/#breadcrumb","itemListElement":[{"@type":"ListItem","position":1,"name":"Accueil","item":"https:\/\/www.yaruna.com\/bien-etre\/"},{"@type":"ListItem","position":2,"name":"Membre Praticien des Scanneurs"}]},{"@type":"WebSite","@id":"https:\/\/www.yaruna.com\/bien-etre\/#website","url":"https:\/\/www.yaruna.com\/bien-etre\/","name":"Bien-\u00eatre chez Yaruna","description":"Bien-\u00eatre chez Yaruna Massage Africain et Cr\u00e2nien \u00e0 Bruxelles","potentialAction":[{"@type":"SearchAction","target":{"@type":"EntryPoint","urlTemplate":"https:\/\/www.yaruna.com\/bien-etre\/?s={search_term_string}"},"query-input":"required name=search_term_string"}],"inLanguage":"fr-FR"}]}},"_links":{"self":[{"href":"https:\/\/www.yaruna.com\/bien-etre\/wp-json\/wp\/v2\/pages\/3636"}],"collection":[{"href":"https:\/\/www.yaruna.com\/bien-etre\/wp-json\/wp\/v2\/pages"}],"about":[{"href":"https:\/\/www.yaruna.com\/bien-etre\/wp-json\/wp\/v2\/types\/page"}],"author":[{"embeddable":true,"href":"https:\/\/www.yaruna.com\/bien-etre\/wp-json\/wp\/v2\/users\/1"}],"replies":[{"embeddable":true,"href":"https:\/\/www.yaruna.com\/bien-etre\/wp-json\/wp\/v2\/comments?post=3636"}],"version-history":[{"count":16,"href":"https:\/\/www.yaruna.com\/bien-etre\/wp-json\/wp\/v2\/pages\/3636\/revisions"}],"predecessor-version":[{"id":3682,"href":"https:\/\/www.yaruna.com\/bien-etre\/wp-json\/wp\/v2\/pages\/3636\/revisions\/3682"}],"wp:attachment":[{"href":"https:\/\/www.yaruna.com\/bien-etre\/wp-json\/wp\/v2\/media?parent=3636"}],"curies":[{"name":"wp","href":"https:\/\/api.w.org\/{rel}","templated":true}]}}