{"id":3673,"date":"2023-08-01T09:01:59","date_gmt":"2023-08-01T07:01:59","guid":{"rendered":"https:\/\/www.yaruna.com\/bien-etre\/?page_id=3673"},"modified":"2023-08-01T09:13:04","modified_gmt":"2023-08-01T07:13:04","slug":"conge","status":"publish","type":"page","link":"https:\/\/www.yaruna.com\/bien-etre\/conge\/","title":{"rendered":"Cong\u00e9"},"content":{"rendered":"[vc_row type=\u00a0\u00bbin_container\u00a0\u00bb full_screen_row_position=\u00a0\u00bbmiddle\u00a0\u00bb scene_position=\u00a0\u00bbcenter\u00a0\u00bb text_color=\u00a0\u00bbdark\u00a0\u00bb text_align=\u00a0\u00bbleft\u00a0\u00bb overlay_strength=\u00a0\u00bb0.3&Prime;][vc_column column_padding=\u00a0\u00bbno-extra-padding\u00a0\u00bb column_padding_position=\u00a0\u00bball\u00a0\u00bb background_color_opacity=\u00a0\u00bb1&Prime; background_hover_color_opacity=\u00a0\u00bb1&Prime; column_shadow=\u00a0\u00bbnone\u00a0\u00bb width=\u00a0\u00bb1\/1&Prime; tablet_text_alignment=\u00a0\u00bbdefault\u00a0\u00bb phone_text_alignment=\u00a0\u00bbdefault\u00a0\u00bb column_border_width=\u00a0\u00bbnone\u00a0\u00bb column_border_style=\u00a0\u00bbsolid\u00a0\u00bb]<div class=\"img-with-aniamtion-wrap center\" data-max-width=\"100%\"><div class=\"inner\"><img loading=\"lazy\" decoding=\"async\" data-shadow=\"none\" data-shadow-direction=\"middle\" class=\"img-with-animation \" data-delay=\"0\" height=\"1702\" width=\"2560\" data-animation=\"fade-in\" src=\"https:\/\/www.yaruna.com\/bien-etre\/wp-content\/uploads\/sites\/2\/2023\/08\/stacie-clark-C64DGwF26NM-unsplash-scaled.jpg\" srcset=\"https:\/\/www.yaruna.com\/bien-etre\/wp-content\/uploads\/sites\/2\/2023\/08\/stacie-clark-C64DGwF26NM-unsplash-scaled.jpg 2560w, https:\/\/www.yaruna.com\/bien-etre\/wp-content\/uploads\/sites\/2\/2023\/08\/stacie-clark-C64DGwF26NM-unsplash-300x199.jpg 300w, https:\/\/www.yaruna.com\/bien-etre\/wp-content\/uploads\/sites\/2\/2023\/08\/stacie-clark-C64DGwF26NM-unsplash-1024x681.jpg 1024w, https:\/\/www.yaruna.com\/bien-etre\/wp-content\/uploads\/sites\/2\/2023\/08\/stacie-clark-C64DGwF26NM-unsplash-768x511.jpg 768w, https:\/\/www.yaruna.com\/bien-etre\/wp-content\/uploads\/sites\/2\/2023\/08\/stacie-clark-C64DGwF26NM-unsplash-1536x1021.jpg 1536w, https:\/\/www.yaruna.com\/bien-etre\/wp-content\/uploads\/sites\/2\/2023\/08\/stacie-clark-C64DGwF26NM-unsplash-2048x1362.jpg 2048w, https:\/\/www.yaruna.com\/bien-etre\/wp-content\/uploads\/sites\/2\/2023\/08\/stacie-clark-C64DGwF26NM-unsplash-600x399.jpg 600w\" sizes=\"100vw\" alt=\"\" \/><\/div><\/div>[vc_column_text]\n<h3 style=\"text-align: center;\">Bonjour \u00e0 vous<\/h3>\n<h3 style=\"text-align: center;\">Un peu de repos et de d\u00e9tente s&rsquo;impose ! Je prendrai une pause bien m\u00e9rit\u00e9e entre le 10 et le 22 ao\u00fbt.<\/h3>\n<h3 style=\"text-align: center;\">Je serai de nouveau pr\u00e9sente \u00e0 partir du 23, alors n&rsquo;h\u00e9sitez pas \u00e0 me contacter \u00e0 ce moment-l\u00e0.<\/h3>\n<h3 style=\"text-align: center;\">J&rsquo;esp\u00e8re que vous passez un bon \u00e9t\u00e9 !<\/h3>\n<h3 style=\"text-align: center;\">Au plaisir de vous revoir en forme<\/h3>\n<p style=\"text-align: center;\">Carine<\/p>\n[\/vc_column_text][\/vc_column][\/vc_row]\n","protected":false},"excerpt":{"rendered":"<p>[vc_row type=\u00a0\u00bbin_container\u00a0\u00bb full_screen_row_position=\u00a0\u00bbmiddle\u00a0\u00bb scene_position=\u00a0\u00bbcenter\u00a0\u00bb text_color=\u00a0\u00bbdark\u00a0\u00bb text_align=\u00a0\u00bbleft\u00a0\u00bb overlay_strength=\u00a0\u00bb0.3&Prime;][vc_column column_padding=\u00a0\u00bbno-extra-padding\u00a0\u00bb column_padding_position=\u00a0\u00bball\u00a0\u00bb background_color_opacity=\u00a0\u00bb1&Prime; background_hover_color_opacity=\u00a0\u00bb1&Prime; column_shadow=\u00a0\u00bbnone\u00a0\u00bb width=\u00a0\u00bb1\/1&Prime; tablet_text_alignment=\u00a0\u00bbdefault\u00a0\u00bb phone_text_alignment=\u00a0\u00bbdefault\u00a0\u00bb column_border_width=\u00a0\u00bbnone\u00a0\u00bb column_border_style=\u00a0\u00bbsolid\u00a0\u00bb][vc_column_text] Bonjour \u00e0 vous Un peu de repos et de d\u00e9tente s&rsquo;impose ! Je&#8230;<\/p>\n","protected":false},"author":1,"featured_media":0,"parent":0,"menu_order":0,"comment_status":"closed","ping_status":"closed","template":"","meta":{"_exactmetrics_skip_tracking":false,"_exactmetrics_sitenote_active":false,"_exactmetrics_sitenote_note":"","_exactmetrics_sitenote_category":0,"footnotes":""},"yoast_head":"<!-- This site is optimized with the Yoast SEO plugin v23.0 - https:\/\/yoast.com\/wordpress\/plugins\/seo\/ -->\n<title>Cong\u00e9 - Bien-\u00eatre chez Yaruna<\/title>\n<meta name=\"robots\" content=\"index, follow, max-snippet:-1, max-image-preview:large, max-video-preview:-1\" \/>\n<link rel=\"canonical\" href=\"https:\/\/www.yaruna.com\/bien-etre\/conge\/\" \/>\n<meta property=\"og:locale\" content=\"fr_FR\" \/>\n<meta property=\"og:type\" content=\"article\" \/>\n<meta property=\"og:title\" content=\"Cong\u00e9 - Bien-\u00eatre chez Yaruna\" \/>\n<meta property=\"og:description\" content=\"[vc_row type=\u00a0\u00bbin_container\u00a0\u00bb full_screen_row_position=\u00a0\u00bbmiddle\u00a0\u00bb scene_position=\u00a0\u00bbcenter\u00a0\u00bb text_color=\u00a0\u00bbdark\u00a0\u00bb text_align=\u00a0\u00bbleft\u00a0\u00bb overlay_strength=\u00a0\u00bb0.3&Prime;][vc_column column_padding=\u00a0\u00bbno-extra-padding\u00a0\u00bb column_padding_position=\u00a0\u00bball\u00a0\u00bb background_color_opacity=\u00a0\u00bb1&Prime; background_hover_color_opacity=\u00a0\u00bb1&Prime; column_shadow=\u00a0\u00bbnone\u00a0\u00bb width=\u00a0\u00bb1\/1&Prime; tablet_text_alignment=\u00a0\u00bbdefault\u00a0\u00bb phone_text_alignment=\u00a0\u00bbdefault\u00a0\u00bb column_border_width=\u00a0\u00bbnone\u00a0\u00bb column_border_style=\u00a0\u00bbsolid\u00a0\u00bb][vc_column_text] Bonjour \u00e0 vous Un peu de repos et de d\u00e9tente s&rsquo;impose ! Je...\" \/>\n<meta property=\"og:url\" content=\"https:\/\/www.yaruna.com\/bien-etre\/conge\/\" \/>\n<meta property=\"og:site_name\" content=\"Bien-\u00eatre chez Yaruna\" \/>\n<meta property=\"article:modified_time\" content=\"2023-08-01T07:13:04+00:00\" \/>\n<meta name=\"twitter:card\" content=\"summary_large_image\" \/>\n<meta name=\"twitter:label1\" content=\"Dur\u00e9e de lecture estim\u00e9e\" \/>\n\t<meta name=\"twitter:data1\" content=\"1 minute\" \/>\n<script type=\"application\/ld+json\" class=\"yoast-schema-graph\">{\"@context\":\"https:\/\/schema.org\",\"@graph\":[{\"@type\":\"WebPage\",\"@id\":\"https:\/\/www.yaruna.com\/bien-etre\/conge\/\",\"url\":\"https:\/\/www.yaruna.com\/bien-etre\/conge\/\",\"name\":\"Cong\u00e9 - Bien-\u00eatre chez Yaruna\",\"isPartOf\":{\"@id\":\"https:\/\/www.yaruna.com\/bien-etre\/#website\"},\"datePublished\":\"2023-08-01T07:01:59+00:00\",\"dateModified\":\"2023-08-01T07:13:04+00:00\",\"breadcrumb\":{\"@id\":\"https:\/\/www.yaruna.com\/bien-etre\/conge\/#breadcrumb\"},\"inLanguage\":\"fr-FR\",\"potentialAction\":[{\"@type\":\"ReadAction\",\"target\":[\"https:\/\/www.yaruna.com\/bien-etre\/conge\/\"]}]},{\"@type\":\"BreadcrumbList\",\"@id\":\"https:\/\/www.yaruna.com\/bien-etre\/conge\/#breadcrumb\",\"itemListElement\":[{\"@type\":\"ListItem\",\"position\":1,\"name\":\"Accueil\",\"item\":\"https:\/\/www.yaruna.com\/bien-etre\/\"},{\"@type\":\"ListItem\",\"position\":2,\"name\":\"Cong\u00e9\"}]},{\"@type\":\"WebSite\",\"@id\":\"https:\/\/www.yaruna.com\/bien-etre\/#website\",\"url\":\"https:\/\/www.yaruna.com\/bien-etre\/\",\"name\":\"Bien-\u00eatre chez Yaruna\",\"description\":\"Bien-\u00eatre chez Yaruna Massage Africain et Cr\u00e2nien \u00e0 Bruxelles\",\"potentialAction\":[{\"@type\":\"SearchAction\",\"target\":{\"@type\":\"EntryPoint\",\"urlTemplate\":\"https:\/\/www.yaruna.com\/bien-etre\/?s={search_term_string}\"},\"query-input\":\"required name=search_term_string\"}],\"inLanguage\":\"fr-FR\"}]}<\/script>\n<!-- \/ Yoast SEO plugin. -->","yoast_head_json":{"title":"Cong\u00e9 - Bien-\u00eatre chez Yaruna","robots":{"index":"index","follow":"follow","max-snippet":"max-snippet:-1","max-image-preview":"max-image-preview:large","max-video-preview":"max-video-preview:-1"},"canonical":"https:\/\/www.yaruna.com\/bien-etre\/conge\/","og_locale":"fr_FR","og_type":"article","og_title":"Cong\u00e9 - Bien-\u00eatre chez Yaruna","og_description":"[vc_row type=\u00a0\u00bbin_container\u00a0\u00bb full_screen_row_position=\u00a0\u00bbmiddle\u00a0\u00bb scene_position=\u00a0\u00bbcenter\u00a0\u00bb text_color=\u00a0\u00bbdark\u00a0\u00bb text_align=\u00a0\u00bbleft\u00a0\u00bb overlay_strength=\u00a0\u00bb0.3&Prime;][vc_column column_padding=\u00a0\u00bbno-extra-padding\u00a0\u00bb column_padding_position=\u00a0\u00bball\u00a0\u00bb background_color_opacity=\u00a0\u00bb1&Prime; background_hover_color_opacity=\u00a0\u00bb1&Prime; column_shadow=\u00a0\u00bbnone\u00a0\u00bb width=\u00a0\u00bb1\/1&Prime; tablet_text_alignment=\u00a0\u00bbdefault\u00a0\u00bb phone_text_alignment=\u00a0\u00bbdefault\u00a0\u00bb column_border_width=\u00a0\u00bbnone\u00a0\u00bb column_border_style=\u00a0\u00bbsolid\u00a0\u00bb][vc_column_text] Bonjour \u00e0 vous Un peu de repos et de d\u00e9tente s&rsquo;impose ! Je...","og_url":"https:\/\/www.yaruna.com\/bien-etre\/conge\/","og_site_name":"Bien-\u00eatre chez Yaruna","article_modified_time":"2023-08-01T07:13:04+00:00","twitter_card":"summary_large_image","twitter_misc":{"Dur\u00e9e de lecture estim\u00e9e":"1 minute"},"schema":{"@context":"https:\/\/schema.org","@graph":[{"@type":"WebPage","@id":"https:\/\/www.yaruna.com\/bien-etre\/conge\/","url":"https:\/\/www.yaruna.com\/bien-etre\/conge\/","name":"Cong\u00e9 - Bien-\u00eatre chez Yaruna","isPartOf":{"@id":"https:\/\/www.yaruna.com\/bien-etre\/#website"},"datePublished":"2023-08-01T07:01:59+00:00","dateModified":"2023-08-01T07:13:04+00:00","breadcrumb":{"@id":"https:\/\/www.yaruna.com\/bien-etre\/conge\/#breadcrumb"},"inLanguage":"fr-FR","potentialAction":[{"@type":"ReadAction","target":["https:\/\/www.yaruna.com\/bien-etre\/conge\/"]}]},{"@type":"BreadcrumbList","@id":"https:\/\/www.yaruna.com\/bien-etre\/conge\/#breadcrumb","itemListElement":[{"@type":"ListItem","position":1,"name":"Accueil","item":"https:\/\/www.yaruna.com\/bien-etre\/"},{"@type":"ListItem","position":2,"name":"Cong\u00e9"}]},{"@type":"WebSite","@id":"https:\/\/www.yaruna.com\/bien-etre\/#website","url":"https:\/\/www.yaruna.com\/bien-etre\/","name":"Bien-\u00eatre chez Yaruna","description":"Bien-\u00eatre chez Yaruna Massage Africain et Cr\u00e2nien \u00e0 Bruxelles","potentialAction":[{"@type":"SearchAction","target":{"@type":"EntryPoint","urlTemplate":"https:\/\/www.yaruna.com\/bien-etre\/?s={search_term_string}"},"query-input":"required name=search_term_string"}],"inLanguage":"fr-FR"}]}},"_links":{"self":[{"href":"https:\/\/www.yaruna.com\/bien-etre\/wp-json\/wp\/v2\/pages\/3673"}],"collection":[{"href":"https:\/\/www.yaruna.com\/bien-etre\/wp-json\/wp\/v2\/pages"}],"about":[{"href":"https:\/\/www.yaruna.com\/bien-etre\/wp-json\/wp\/v2\/types\/page"}],"author":[{"embeddable":true,"href":"https:\/\/www.yaruna.com\/bien-etre\/wp-json\/wp\/v2\/users\/1"}],"replies":[{"embeddable":true,"href":"https:\/\/www.yaruna.com\/bien-etre\/wp-json\/wp\/v2\/comments?post=3673"}],"version-history":[{"count":3,"href":"https:\/\/www.yaruna.com\/bien-etre\/wp-json\/wp\/v2\/pages\/3673\/revisions"}],"predecessor-version":[{"id":3680,"href":"https:\/\/www.yaruna.com\/bien-etre\/wp-json\/wp\/v2\/pages\/3673\/revisions\/3680"}],"wp:attachment":[{"href":"https:\/\/www.yaruna.com\/bien-etre\/wp-json\/wp\/v2\/media?parent=3673"}],"curies":[{"name":"wp","href":"https:\/\/api.w.org\/{rel}","templated":true}]}}